{"id":262,"date":"2024-07-24T21:25:02","date_gmt":"2024-07-24T21:25:02","guid":{"rendered":"https:\/\/www.green.endurancepatagonia.com\/?page_id=262"},"modified":"2025-10-09T18:40:48","modified_gmt":"2025-10-09T18:40:48","slug":"how-to-arrive","status":"publish","type":"page","link":"https:\/\/www.patagonianinternationalmarathon.com\/en\/how-to-arrive","title":{"rendered":"How To Arrive"},"content":{"rendered":"<p><\/p>\n<style>\n#bannerPage {\nbackground-image: url('https:\/\/cdn.racingpatagonia.com\/rpatagonia\/slides\/2025\/PIM25_TorresdelPaine_Web_Background_27.jpg') !important;\nbackground-position: center;\n}\n.entry table td {\nvertical-align: middle !important; \nborder: 1px solid #fff !important;\n}\ntable {\nborder-collapse: initial;\n}\n.pimTrademark {\nposition: relative;\ntop: 4px;\n}\n.titleFontzContainer {\nmargin: 30px 0px 0px 0px;\n}\n.tableStylingz {\ndisplay: table;\ntext-shadow: none;\nmargin: 0 auto !important;\n}\n.noteInclude {\nfont-size:12px;\nbackground-color:#c2cdd9;\ncolor:#0b2847;\ntext-shadow: none;\n}\n.distanceHeader {\nfont-size: 1.8em;\n}\n.primeroColumnz, .segundoColumnz, .terceroColumnz {\ntext-transform: initial;\n}\n#categoriesFotoContainer {\ndisplay: flex;\nflex-direction: row;\nflex-wrap: wrap;\nmargin: 0 auto;\njustify-content: center;\nwidth: 100%;\nmax-width: 900px;\npadding-left: 4px;\n}\n.categoriesFotos {\npadding: 7px 18px 7px 18px\n}\n.categoriesFotos:hover {\n-webkit-filter: grayscale(100%); \/* Safari 6.0 - 9.0 *\/\nfilter: grayscale(100%);\ncursor: pointer;\n}\n#categoryContainer {\nmargin: 20px 50px;\n}\n.titleSeperatorsReverse {\nbackground-color: var(--color-yellow-per);\nline-height: 15px;\n}\n.seperatorTitlesReverse {\ncolor: var(--color-darkgreen);\ntext-shadow: 1px 0px 1px #fff, 1px 0px 1px #fff;\n}\n#fullSplit {\ndisplay: flex;\nwidth: 100%;\nflex-flow: row;\nmax-width: 1200px;\nmargin: 0 auto;\npadding: 50px 0px;\n}\n#splitLeftz {\nwidth: 60%;\nmargin-top: 30px;\n}\n#splitRightz {\n    width: 40%;\n    margin: 30px 0px 0px 0px;\n}\n#reduceImg {\nwidth: 60%;\nmargin: 0 auto;\ntext-align: center;\ndisplay: block;\n}\n#reduceImg:hover {\nfilter: sepia(1);\n}\n.fontz {\nmargin: 20px;\n}\n@media screen and (max-width: 736px) {\n#fullSplit {\nflex-flow: column;\n}\n#splitLeftz {\nwidth: 100%;\n}\n#splitRightz {\nwidth: 100%;\nmargin: 0 auto;\n}\n#reduceImg {\nwidth: 30%;\npadding-top: 50px;\n}\n#bannerPage {\nbackground-position: center;\n}\n}\n@media screen and (max-width: 480px) { \n#fullSplit {\nflex-flow: column;\n}\n#splitLeftz {\nwidth: 100%;\n}\n#splitRightz {\nwidth: 100%;\nmargin: 0 auto;\n}\n#reduceImg {\nwidth: 30%;\npadding-top: 50px;\n}\n.fontz {\ntext-align: left;\n}\n}\n@media screen and (max-width: 480px) and (orientation: portrait) {\n#fullSplit {\nflex-flow: column;\n}\n#splitLeftz {\nwidth: 100%;\n}\n#splitRightz {\nwidth: 100%;\nmargin: 0 auto;\n}\n#reduceImg {\nwidth: 30%;\npadding-top: 50px;\n}\n#bannerPage {\nbackground-position: center;\n}\n<\/style>\n<div id=\"fullSplit\">\n<div id=\"splitLeftz\">\n<div class=\"titleSeperators\">\n<h5 class=\"seperatorTitles\">Arrival from Country of Origin to Race Zone<\/h5>\n<\/div>\n<p class=\"fontz\"><strong>Patagonian International Marathon<sup class=\"pimTrademark\">\u00ae<\/sup><\/strong> takes place in <u>Torres del Paine National Park<\/u>, located in southern Patagonia, Magallanes and Chilean Antarctic Region. <u>The closest city to the race zone, which is also the base city for the event, is Puerto Natales<\/u>.<\/p>\n<div class=\"titleSeperatorsReverse\">\n<h6 class=\"seperatorTitles seperatorTitlesReverse\">International Arrival to Santiago<\/h6>\n<\/div>\n<p class=\"fontz\"><u>Regardless of where you are in the world<\/u>, it is possible to enter Chile through Santiago, the nation\u2019s capital, Comodoro Arturo Merino Ben\u00edtez International Airport (SCL).<\/p>\n<div class=\"titleSeperatorsReverse\">\n<h6 class=\"seperatorTitles seperatorTitlesReverse\">From Santiago, Chile (SCL)<\/h6>\n<\/div>\n<p class=\"fontz\"><u>From Santiago, Chile (SCL)<\/u>, it is possible to fly directly to Puerto Natales, depending on the season, through Teniente Julio Gallardo Airport (PNT); however, this option must be confirmed with the airlines that provide this trajectory during the month of February, as it is not offered as a daily option. Given that the aforementioned option is not frequently offered, the alternative is to fly to Punta Arenas, the region\u2019s capital, which has daily flights through Presidente Carlos Ib\u00e1\u00f1ez del Campo International Airport (PUQ). Please understand that Presidente Carlos Ib\u00e1\u00f1ez del Campo (PUQ) is an international airport due to its flights to Antarctica and all other international flights into Chile must first arrive to Santiago. <\/p>\n<div class=\"titleSeperatorsReverse\">\n<h6 class=\"seperatorTitles seperatorTitlesReverse\">From Punta Arenas to Puerto Natales<\/h6>\n<\/div>\n<p class=\"fontz\">There are 250 km of paved highway <u>from Punta Arenas to Puerto Natales<\/u>. The easiest and most common option is to travel in public bus, which takes approximately three hours to complete and has frequent departures from 07:00 hrs. Until 21:00 hrs. Depending on the bus company and your flight Schedule, it is possible to take the bus directly from the airport to Puerto Natales.<\/p>\n<div class=\"titleSeperatorsReverse\">\n<h6 class=\"seperatorTitles seperatorTitlesReverse\">From Puerto Natales to Starting Lines<\/h6>\n<\/div>\n<p class=\"fontz\">Runners have the option of taking the official event buses from Puerto Natales to the Starting Lines and then back from the Finish Line to Puerto Natales. It is possible to purchase a bus ticket, which includes the possibility of adding one or more companions to accompany the journey, during the registration process.<\/p>\n<\/div>\n<div id=\"splitRightz\">\n<a href=\"https:\/\/www.patagonianinternationalmarathon.com\/assets\/map\/PIM_Chile_MapaGeneral.jpg\" target=\"_blank\" rel=\"noopener noreferrer\" title=\"General Map Chile - Patagonian International Marathon\"><img decoding=\"async\" id=\"reduceImg\" src=\"https:\/\/www.patagonianinternationalmarathon.com\/assets\/map\/PIM_Chile_MapaGeneral_269px.png\" alt=\"Patagonian International Marathon General Map Chile 2024 Patagonia, Chile\" \/><\/a>\n<\/div>\n<\/div>\n<p><\/p>","protected":false},"excerpt":{"rendered":"<p>Arrival from Country of Origin to Race Zone Patagonian International Marathon\u00ae takes place in Torres del Paine National Park, located in southern Patagonia, Magallanes and Chilean Antarctic Region. The closest city to the race zone, which is also the base city for the event, is Puerto Natales. International Arrival to Santiago Regardless of where you [&hellip;]<\/p>\n","protected":false},"author":1,"featured_media":0,"parent":0,"menu_order":0,"comment_status":"closed","ping_status":"closed","template":"","meta":[],"_links":{"self":[{"href":"https:\/\/www.patagonianinternationalmarathon.com\/en\/wp-json\/wp\/v2\/pages\/262"}],"collection":[{"href":"https:\/\/www.patagonianinternationalmarathon.com\/en\/wp-json\/wp\/v2\/pages"}],"about":[{"href":"https:\/\/www.patagonianinternationalmarathon.com\/en\/wp-json\/wp\/v2\/types\/page"}],"author":[{"embeddable":true,"href":"https:\/\/www.patagonianinternationalmarathon.com\/en\/wp-json\/wp\/v2\/users\/1"}],"replies":[{"embeddable":true,"href":"https:\/\/www.patagonianinternationalmarathon.com\/en\/wp-json\/wp\/v2\/comments?post=262"}],"version-history":[{"count":5,"href":"https:\/\/www.patagonianinternationalmarathon.com\/en\/wp-json\/wp\/v2\/pages\/262\/revisions"}],"predecessor-version":[{"id":799,"href":"https:\/\/www.patagonianinternationalmarathon.com\/en\/wp-json\/wp\/v2\/pages\/262\/revisions\/799"}],"wp:attachment":[{"href":"https:\/\/www.patagonianinternationalmarathon.com\/en\/wp-json\/wp\/v2\/media?parent=262"}],"curies":[{"name":"wp","href":"https:\/\/api.w.org\/{rel}","templated":true}]}}